{"id":949,"date":"2012-11-12T11:45:36","date_gmt":"2012-11-12T11:45:36","guid":{"rendered":"http:\/\/avvocatostella.com\/?page_id=949"},"modified":"2013-01-09T23:28:34","modified_gmt":"2013-01-09T23:28:34","slug":"successione-legittima","status":"publish","type":"page","link":"https:\/\/avvocatostella.com\/?page_id=949","title":{"rendered":"Successione legittima"},"content":{"rendered":"<p>I parenti che possono ereditare in caso di successione legittima (in mancanza di testamento) sono:<\/p>\n<ul>\n<li>Coniuge<\/li>\n<li>Figli<\/li>\n<li>Fratelli (in assenza di figli)<\/li>\n<li>Ascendenti (in assenza di figli)<\/li>\n<li>Altri parenti entro il 6\u00b0 grado (se unici eredi)<\/li>\n<\/ul>\n<p>I familiari che, in presenza di disposizione testamentaria, hanno diritto alla quota di <em>legittima<\/em> (parenti legittimari) sono:<\/p>\n<ul>\n<li>Coniuge<\/li>\n<li>Figli<\/li>\n<li>Ascendenti (in assenza di figli)<\/li>\n<\/ul>\n<p>La <strong>quota di legittima<\/strong> \u00e8 la parte del patrimonio di cui il <strong>testatore<\/strong> (colui che redige un testamento) non pu\u00f2 disporre, in quanto la legge riserva detta parte ai parenti legittimari, talvota contro le disposizioni testamentarie lasciate dal testatore stesso.<\/p>\n<p>La <strong>quota disponibile<\/strong> \u00e0 invece quella parte di patrimonio di cui il testatore pu\u00f2 liberamente disporre in favore di chiunque, che pu\u00f2 essere anche una persona non legata a lui da rapporti di parentela.<\/p>\n<p>Gli <strong>ascendenti<\/strong> sono gli avi, cio\u00e8 coloro che nell&#8217;albero genealogico precedono colui che lascia l&#8217;eredit\u00e0 (i genitori, i nonni etc.).<br \/>\nNOTA: questo articolo prende in considerazione soltanto l&#8217;ipotesi in cui al defunto sopravvivano i <span style=\"text-decoration: underline;\">genitori<\/span> e non altri avi (come ad esempio i nonni) in quanto, oltre ad essere questione pi\u00f9 complessa, si verifica pi\u00f9 raramente.<\/p>\n<p>In caso di mancanza dei <strong>figli<\/strong>, subentrano i nipoti in linea retta (i figli dei figli).<\/p>\n<p>I <strong>parenti fino al 6\u00b0 grado<\/strong> sono, ad esempio, i figli di fratelli (cugini), che sono parenti di quarto grado, i nipoti in linea retta dei cugini, che sono parenti di sesto grado.<br \/>\nI<span style=\"text-decoration: underline;\"> parenti di grado pi\u00f9 prossimo <\/span>escludono dalla successione i parenti di grado ulteriore; ad esempio se vi \u00e8 un cugino con i suoi due figli, succede solo il cugino.<\/p>\n<p>Il codice civile stabilisce delle <strong>priorit\u00e0<\/strong>: ad esempio in caso di successione legittima, in assenza del coniuge, i figli escludono tutti gli altri parenti dall&#8217;eredit\u00e0; parimenti in assenza del coniuge, dei figli e degli ascendenti, i fratelli del defunto ereditano tutto il patrimonio, escludendo eventuali altri parenti di grado successivo, come ad esempio i cugini del defunto che sono parenti di quarto grado.<\/p>\n<p><strong>La collazione<\/strong><\/p>\n<p>La collazione \u00e0 l&#8217;atto con cui i discendenti e il coniuge del defunto imputano alla propria quota ereditaria quanto hanno ricevuto dal defunto in <strong>donazione<\/strong>.<br \/>\nPertanto le eventuali donazioni effettuate in vita dal defunto dovranno essere tenute in considerazione nella quantificazione della quota ereditaria individuale.<\/p>\n<p>&nbsp;<\/p>\n","protected":false},"excerpt":{"rendered":"<p>I parenti che possono ereditare in caso di successione legittima (in mancanza di testamento) sono: Coniuge Figli Fratelli (in assenza di figli) Ascendenti (in assenza di figli) Altri parenti entro il 6\u00b0 grado (se unici eredi) I familiari che, in &hellip; <a href=\"https:\/\/avvocatostella.com\/?page_id=949\">Continua a leggere<span class=\"meta-nav\">&rarr;<\/span><\/a><\/p>\n","protected":false},"author":2,"featured_media":0,"parent":0,"menu_order":0,"comment_status":"closed","ping_status":"open","template":"","meta":{"footnotes":""},"class_list":["post-949","page","type-page","status-publish","hentry"],"_links":{"self":[{"href":"https:\/\/avvocatostella.com\/index.php?rest_route=\/wp\/v2\/pages\/949","targetHints":{"allow":["GET"]}}],"collection":[{"href":"https:\/\/avvocatostella.com\/index.php?rest_route=\/wp\/v2\/pages"}],"about":[{"href":"https:\/\/avvocatostella.com\/index.php?rest_route=\/wp\/v2\/types\/page"}],"author":[{"embeddable":true,"href":"https:\/\/avvocatostella.com\/index.php?rest_route=\/wp\/v2\/users\/2"}],"replies":[{"embeddable":true,"href":"https:\/\/avvocatostella.com\/index.php?rest_route=%2Fwp%2Fv2%2Fcomments&post=949"}],"version-history":[{"count":5,"href":"https:\/\/avvocatostella.com\/index.php?rest_route=\/wp\/v2\/pages\/949\/revisions"}],"predecessor-version":[{"id":1024,"href":"https:\/\/avvocatostella.com\/index.php?rest_route=\/wp\/v2\/pages\/949\/revisions\/1024"}],"wp:attachment":[{"href":"https:\/\/avvocatostella.com\/index.php?rest_route=%2Fwp%2Fv2%2Fmedia&parent=949"}],"curies":[{"name":"wp","href":"https:\/\/api.w.org\/{rel}","templated":true}]}}