{"id":849,"date":"2012-09-25T11:14:04","date_gmt":"2012-09-25T11:14:04","guid":{"rendered":"http:\/\/avvocatostella.com\/?page_id=849"},"modified":"2013-12-05T05:25:27","modified_gmt":"2013-12-05T05:25:27","slug":"mediazione-civile","status":"publish","type":"page","link":"https:\/\/avvocatostella.com\/?page_id=849","title":{"rendered":"Mediazione Civile"},"content":{"rendered":"<p><a href=\"https:\/\/avvocatostella.com\/wp-content\/uploads\/2012\/09\/Mediazione-Civile-Circolare-27-11-13-esplicativa.pdf\">Mediazione Civile &#8211; Circolare 27-11-13 esplicativa<\/a><\/p>\n<p><a href=\"https:\/\/avvocatostella.com\/wp-content\/uploads\/2012\/09\/L-98-2013-Decreto-del-fare-Estratto-sulla-MEDIAZIONE1.pdf\">L 98-2013 &#8211; Decreto del fare &#8211; Estratto sulla MEDIAZIONE<\/a><\/p>\n<p><a href=\"https:\/\/avvocatostella.com\/wp-content\/uploads\/2012\/09\/Corte-Cost-272-2012-Illegittimit\u00e0-costituzionale-della-mediazione-obbligatoria.pdf\">Corte Cost 272-2012 &#8211; Illegittimit\u00e0 costituzionale della mediazione obbligatoria<\/a><\/p>\n<p><a href=\"https:\/\/avvocatostella.com\/wp-content\/uploads\/2011\/12\/Corte-Cost-Comunicato-Stampa-Illegittimit\u00e0-cost-dellobbligatoriet\u00e0-della-mediazione-eccesso-delega.pdf\">Corte Cost &#8211; Comunicato Stampa &#8211; Illegittimit\u00e0 cost dell&#8217;obbligatoriet\u00e0 della mediazione &#8211; eccesso delega<\/a><\/p>\n<p><a href=\"https:\/\/avvocatostella.com\/wp-content\/uploads\/2012\/09\/Mediazione-Civile-mancata-presentazione-della-parte-senza-giusto-motivo-sanzione.pdf\">Mediazione Civile &#8211; mancata presentazione della parte senza giusto motivo &#8211; sanzione<\/a><\/p>\n","protected":false},"excerpt":{"rendered":"<p>Mediazione Civile &#8211; Circolare 27-11-13 esplicativa L 98-2013 &#8211; Decreto del fare &#8211; Estratto sulla MEDIAZIONE Corte Cost 272-2012 &#8211; Illegittimit\u00e0 costituzionale della mediazione obbligatoria Corte Cost &#8211; Comunicato Stampa &#8211; Illegittimit\u00e0 cost dell&#8217;obbligatoriet\u00e0 della mediazione &#8211; eccesso delega Mediazione &hellip; <a href=\"https:\/\/avvocatostella.com\/?page_id=849\">Continua a leggere<span class=\"meta-nav\">&rarr;<\/span><\/a><\/p>\n","protected":false},"author":2,"featured_media":0,"parent":0,"menu_order":0,"comment_status":"closed","ping_status":"open","template":"","meta":{"footnotes":""},"class_list":["post-849","page","type-page","status-publish","hentry"],"_links":{"self":[{"href":"https:\/\/avvocatostella.com\/index.php?rest_route=\/wp\/v2\/pages\/849","targetHints":{"allow":["GET"]}}],"collection":[{"href":"https:\/\/avvocatostella.com\/index.php?rest_route=\/wp\/v2\/pages"}],"about":[{"href":"https:\/\/avvocatostella.com\/index.php?rest_route=\/wp\/v2\/types\/page"}],"author":[{"embeddable":true,"href":"https:\/\/avvocatostella.com\/index.php?rest_route=\/wp\/v2\/users\/2"}],"replies":[{"embeddable":true,"href":"https:\/\/avvocatostella.com\/index.php?rest_route=%2Fwp%2Fv2%2Fcomments&post=849"}],"version-history":[{"count":13,"href":"https:\/\/avvocatostella.com\/index.php?rest_route=\/wp\/v2\/pages\/849\/revisions"}],"predecessor-version":[{"id":1192,"href":"https:\/\/avvocatostella.com\/index.php?rest_route=\/wp\/v2\/pages\/849\/revisions\/1192"}],"wp:attachment":[{"href":"https:\/\/avvocatostella.com\/index.php?rest_route=%2Fwp%2Fv2%2Fmedia&parent=849"}],"curies":[{"name":"wp","href":"https:\/\/api.w.org\/{rel}","templated":true}]}}