{"id":437,"date":"2012-01-23T10:03:51","date_gmt":"2012-01-23T10:03:51","guid":{"rendered":"http:\/\/avvocatostella.com\/?page_id=437"},"modified":"2017-11-16T07:35:09","modified_gmt":"2017-11-16T07:35:09","slug":"preventivi-prestazioni","status":"publish","type":"page","link":"https:\/\/avvocatostella.com\/?page_id=437","title":{"rendered":"&#8220;Preventivi&#8221;"},"content":{"rendered":"<p><a href=\"https:\/\/avvocatostella.com\/wp-content\/uploads\/2012\/01\/PREVENTIVI.jpg\"><img loading=\"lazy\" decoding=\"async\" class=\"alignleft wp-image-442\" title=\"PREVENTIVI\" src=\"https:\/\/avvocatostella.com\/wp-content\/uploads\/2012\/01\/PREVENTIVI-150x150.jpg\" alt=\"\" width=\"118\" height=\"118\" \/><\/a>In base al &#8220;Decreto Liberalizzazioni&#8221; del Governo Monti, il professionista ha la possibilit\u00e0 di effettuare <strong>pubblicit\u00e0 informativa<\/strong> sulla propria attivit\u00e0 professionale, indicando anche il <strong>preventivo dettagliato delle prestazioni<\/strong> oggetto dell&#8217;incarico che si andr\u00e0 ad instaurare col Cliente.<\/p>\n<p>La Legge n. 10 del 2012 (del 17 febbraio &#8217;12) ha eliminato l&#8217;obbligatoriet\u00e0 del preventivo all&#8217;assunzione di una causa: il preventivo quindi permane come meramente facoltativo.<\/p>\n<p>Nel 2017, al termine di un lungo e controverso iter parlamentare, \u00e8 stata pubblicata in Gazzetta Ufficiale la\u00a0<a href=\"https:\/\/www.ordineavvocatibologna.net\/documents\/19808\/718184\/Legge+n.+124+del+4+agosto+2017+%28Societ%C3%A0+fra+avvocati%29\/bedf448f-6940-49c6-9a54-b078b15bf846\" target=\"_blank\" rel=\"noopener\">legge n. 124 del 4 agosto 2017<\/a>\u00a0(&#8220;Legge annuale per il mercato e la concorrenza&#8221;), che entrer\u00e0 in vigore il 29 agosto prossimo.<\/p>\n<p>La legge contiene la disciplina di alcune rilevanti novit\u00e0 per le professioni e per l&#8217;avvocatura in particolare.<\/p>\n<p>Fra queste, segnaliamo l&#8217;introduzione dell&#8217;obbligo \u2013 con decorrenza dal 29 agosto \u2013 di preventivo scritto al cliente. La legge ha cos\u00ec modificato l&#8217;art. 9 co. 4 del d.l. n. 1\/2012 (cd. &#8220;Decreto liberalizzazioni&#8221;, convertito dalla legge n. 27\/2012):\u00a0<em>&#8220;il compenso per le prestazioni professionali \u00e8 pattuito, nelle forme previste dall&#8217;ordinamento, al momento del conferimento dell&#8217;incarico professionale. Il professionista deve rendere noto obbligatoriamente, in forma scritta o digitale, al cliente il grado di complessit\u00e0 dell&#8217;incarico, fornendo tutte le informazioni utili circa gli oneri ipotizzabili dal momento del conferimento fino alla conclusione dell&#8217;incarico e deve altres\u00ec indicare i dati della polizza assicurativa per i danni provocati nell&#8217;esercizio dell&#8217;attivit\u00e0 professionale. In ogni caso la misura del compenso \u00e8 previamente resa nota al cliente obbligatoriamente, in forma scritta o digitale, con un preventivo di massima, deve essere adeguata all&#8217;importanza dell&#8217;opera e va pattuita indicando per le singole prestazioni tutte le voci di costo, comprensive di spese, oneri e contributi&#8221;<\/em>.<\/p>\n<p>\u00c8 stato coerentemente abrogato l&#8217;inciso &#8220;a richiesta&#8221; contenuto all&#8217;art. 13 n. 5 della legge ordinamentale forense n. 247\/2012, che quindi ora cos\u00ec recita:<em>\u00a0&#8220;il professionista \u00e8 tenuto, nel rispetto del principio di trasparenza, a rendere noto al cliente il livello della complessit\u00e0 dell&#8217;incarico, fornendo tutte le informazioni utili circa gli oneri ipotizzabili dal momento del conferimento alla conclusione dell&#8217;incarico; \u00e8 altres\u00ec tenuto a comunicare in forma scritta a colui che conferisce l&#8217;incarico professionale la prevedibile misura del costo della prestazione, distinguendo fra oneri, spese, anche forfetarie, e compenso professionale&#8221;<\/em>.<\/p>\n<p>Inoltre, l&#8217;art. 1 co. 152 della legge prescrive che,\u00a0<em>&#8220;al fine di assicurare la trasparenza delle informazioni nei confronti dell&#8217;utenza, i professionisti iscritti ad ordini e collegi sono tenuti ad indicare e comunicare i titoli posseduti e le eventuali specializzazioni&#8221;<\/em>.<\/p>\n<p><a href=\"https:\/\/avvocatostella.com\/wp-content\/uploads\/2012\/01\/Preventivo-contratto-prestazione-opera-professionale-Avv.-Giorgo-Stella1.pdf\">Preventivo contratto prestazione opera professionale<\/a><\/p>\n<p><a href=\"https:\/\/avvocatostella.com\/wp-content\/uploads\/2012\/01\/Contratto-prestazione-opera-professionale-Avv.-Giorgo-Stella4.pdf\">Contratto prestazione opera professionale\u00a0<\/a><\/p>\n","protected":false},"excerpt":{"rendered":"<p>In base al &#8220;Decreto Liberalizzazioni&#8221; del Governo Monti, il professionista ha la possibilit\u00e0 di effettuare pubblicit\u00e0 informativa sulla propria attivit\u00e0 professionale, indicando anche il preventivo dettagliato delle prestazioni oggetto dell&#8217;incarico che si andr\u00e0 ad instaurare col Cliente. La Legge n. &hellip; <a href=\"https:\/\/avvocatostella.com\/?page_id=437\">Continua a leggere<span class=\"meta-nav\">&rarr;<\/span><\/a><\/p>\n","protected":false},"author":2,"featured_media":0,"parent":0,"menu_order":0,"comment_status":"closed","ping_status":"open","template":"","meta":{"footnotes":""},"class_list":["post-437","page","type-page","status-publish","hentry"],"_links":{"self":[{"href":"https:\/\/avvocatostella.com\/index.php?rest_route=\/wp\/v2\/pages\/437","targetHints":{"allow":["GET"]}}],"collection":[{"href":"https:\/\/avvocatostella.com\/index.php?rest_route=\/wp\/v2\/pages"}],"about":[{"href":"https:\/\/avvocatostella.com\/index.php?rest_route=\/wp\/v2\/types\/page"}],"author":[{"embeddable":true,"href":"https:\/\/avvocatostella.com\/index.php?rest_route=\/wp\/v2\/users\/2"}],"replies":[{"embeddable":true,"href":"https:\/\/avvocatostella.com\/index.php?rest_route=%2Fwp%2Fv2%2Fcomments&post=437"}],"version-history":[{"count":18,"href":"https:\/\/avvocatostella.com\/index.php?rest_route=\/wp\/v2\/pages\/437\/revisions"}],"predecessor-version":[{"id":2067,"href":"https:\/\/avvocatostella.com\/index.php?rest_route=\/wp\/v2\/pages\/437\/revisions\/2067"}],"wp:attachment":[{"href":"https:\/\/avvocatostella.com\/index.php?rest_route=%2Fwp%2Fv2%2Fmedia&parent=437"}],"curies":[{"name":"wp","href":"https:\/\/api.w.org\/{rel}","templated":true}]}}