{"id":1360,"date":"2014-05-19T10:38:23","date_gmt":"2014-05-19T10:38:23","guid":{"rendered":"http:\/\/avvocatostella.com\/?page_id=1360"},"modified":"2014-05-19T10:45:38","modified_gmt":"2014-05-19T10:45:38","slug":"sfratto-2","status":"publish","type":"page","link":"https:\/\/avvocatostella.com\/?page_id=1360","title":{"rendered":"Sfratto"},"content":{"rendered":"<p>Nella disciplina positiva italiana vi sono 2 tipologie di sfratti:<\/p>\n<p>1) lo sfratto per <b>finita locazione<\/b>, connesso alla scadenza contrattuale;<\/p>\n<p>2) lo sfratto per <b>morosit\u00e0<\/b>, connesso all&#8217;inadempimento dell&#8217;obbligo di corrispondere il canone alle scadenze.<\/p>\n<p>Vi \u00e8 anche un <i>tertium genus<\/i>: lo sfratto \u201c<b>per necessit\u00e0<\/b>\u201d allorch\u00e9 il locatore intenda riutilizzare l&#8217;immobile <i>\u201c<\/i><i>ad uso abitativo, commerciale, artigianale o professionale proprio, del coniuge, dei genitori, dei figli o dei parenti entro il secondo grado<\/i>\u201d (art. 3 L. 431\/1998).<\/p>\n<p><b>Lo sfratto per finita locazione<\/b> pu\u00f2 essere richiesto dopo la scadenza del contratto, qualora, a seguito della disdetta, il conduttore non abbia ritenuto di rilasciare l&#8217;immobile al locatore. Pu\u00f2 per\u00f2 essere richiesto anche prima della naturale scadenza del contratto, in tal caso si tratta di una condanna del futuro, che si basa su intimazione che ha efficacia di disdetta, in quanto evita il rinnovarsi del contratto (Cass. civ., sez. III, 21 settembre 2000, n. 12496).<\/p>\n<p>Nel caso in cui all\u2019approssimarsi della scadenza del contratto locatore e inquilino non trovino un accordo sul nuovo contratto, il locatore pu\u00f2 avviare le procedure di sfratto.<\/p>\n<p>Nel caso in cui il conduttore non riceva preavviso di richiesta di restituzione al locatore dell&#8217;abitazione tramite lettera raccomandata a.r. nei termini previsti dalla legge, ossia in genere almeno 6 mesi prima della scadenza, lo sfratto non pu\u00f2 essere eseguito e se si \u00e8 chiamati in causa bisogna subito farlo presente al giudice.<\/p>\n<p><b>Lo sfratto per morosit\u00e0 <\/b>pu\u00f2 essere richiesto, in ogni momento, qualora il conduttore si renda inadempiente all&#8217;obbligo del pagamento del canone concordato e\/o degli oneri accessori.<\/p>\n<p>Lo sfratto per morosit\u00e0 pu\u00f2 essere intimato ai sensi degli artt. 657-658 del codice di procedura civile. Il codice parla genericamente di mancato pagamento del canone alle scadenze.<\/p>\n<p>La legge sulla Locazione degli Immobili Urbani (L. 392\/78), all&#8217;art. 5, prevede che il mancato pagamento di una sola mensilit\u00e0 del canone o il mancato pagamento delle spese condominiali per un valore pari al doppio del canone, siano sufficienti per intimare lo sfratto. Devono essere decorsi, per\u00f2, 20 giorni dalla scadenza prevista.<\/p>\n<p>Per le locazioni ad uso non abitativo resta ad oggi indeterminato il numero minimo di mensilit\u00e0 di ritardato pagamento prima di procedere.<\/p>\n<p>Lo sfratto \u00e8 diretto ad ottenere una pronuncia giudiziale di convalida da parte del Tribunale del luogo in cui si trova la casa locata, per mancato pagamento del canone pattuito, dichiarando altres\u00ec la risoluzione del contratto di locazione sottostante.<\/p>\n<p><strong>Procedimento<\/strong><\/p>\n<p>Il procedimento inizia con una intimazione, rivolta al conduttore, di lasciar libero l&#8217;immobile, con contestuale citazione per la convalida, da notificarsi almeno 20 giorni prima dell&#8217;udienza di convalida secondo le formule di rito (art. 660 cpc). Nello sfratto per morosit\u00e0 la convalida \u00e8 subordinata all&#8217;attestazione in giudizio del locatore che la morosit\u00e0 persiste (art. 663, 3\u00b0 co. cpc).<\/p>\n<p>La mancata comparizione o la mancata opposizione dell&#8217;intimato porta il giudice a convalidare lo sfratto per morosit\u00e0 direttamente in calce sulla citazione, disponendo la formula esecutiva, che ha effetto dopo 30 giorni dalla sua apposizione.<\/p>\n<p>Tuttavia, il giudice ordina la rinnovazione della citazione se risulta, o appare probabile, che l&#8217;intimato non ne abbia avuto conoscenza o non sia potuto comparire per caso fortuito o per forza maggiore (art. 663, 1\u00b0 co., cpc).<\/p>\n<p>L&#8217;ordinanza di convalida di sfratto ha natura di provvedimento di condanna, poich\u00e9 dispone il rilascio dell&#8217;immobile ed ha carattere costitutivo, perch\u00e9 risolve il rapporto locatizio. Il giudice, inoltre, pu\u00f2 emettere decreto ingiuntivo in calce ad una copia dell&#8217;atto di intimazione, per il pagamento dei canoni scaduti e di quelli che scadranno, oltre alle spese legali. Il decreto ingiuntivo \u00e8 immediatamente esecutivo, anche in pendenza del termine di opposizione da parte del conduttore.<\/p>\n<p>L&#8217;intimato pu\u00f2 comparire senza contestare la morosit\u00e0 e chiedere un termine per sanare la mora (termine di grazia) nelle locazioni ad uso abitativo; in questi casi il giudice pu\u00f2 concedere un termine perentorio, di regola non superiore ai 90 giorni, per il pagamento dei canoni maturati, degli interessi legali e delle spese giudiziali. Eseguito il pagamento, il procedimento si estingue.<\/p>\n<p>Se invece l&#8217;intimato comparendo presenta opposizione pu\u00f2 accadere che il giudice trasformi il rito speciale in un normale procedimento di cognizione. In questo caso l&#8217;opponente deve formulare eccezioni vere e proprie, oppure, pur non essendo tali, deve dimostrare che sussistono gravi motivi. Quando le eccezioni non sono fondate su prova scritta, oppure non sussistono i gravi motivi, il giudice convalida l&#8217;intimazione, pronunziando ordinanza non impugnabile di rilascio immediatamente esecutiva e si riserva di esaminare le eccezioni del convenuto. Se l&#8217;intimato contesta l&#8217;ammontare della somma pretesa, il giudice pu\u00f2 disporre il pagamento della somma non controversa concedendo un termine non superiore a 20 giorni.<\/p>\n<p>Se invece pur essendo stata fissata una data di rilascio per l&#8217;immobile, con ordinanza, l&#8217;immobile rimane abitato dall&#8217;inquilino, deve essere redatto e notificato atto di precetto con l&#8217;ammonimento che in difetto di rilascio nei termini previsti si proceder\u00e0 allo sgombero da parte dell&#8217;Ufficiale Giudiziario con l&#8217;assistenza eventuale della forza pubblica. In ogni caso, su istanza del locatore, l\u2019Ufficiale Giudiziario deve notificare al conduttore il preavviso di rilascio: un atto con cui preavvisa il conduttore del giorno e dell\u2019ora in cui si proceder\u00e0 per liberare l&#8217;immobile da cose e persone.<\/p>\n<p>La procedura si conclude con il &#8220;verbale di rilascio immobile&#8221; con il quale l&#8217;Ufficiale Giudiziario certifica l&#8217;avvenuto sfratto. Nell&#8217;ipotesi in cui siano presenti beni mobili dell&#8217;inquilino, se ne rediger\u00e0 un elenco, nominando un custode responsabile dei beni.<\/p>\n<p>Il locatore nelle more dell\u2019esecuzione ha diritto di percepire dal conduttore un&#8217;indennit\u00e0 di occupazione pari all\u2019importo del canone e gli oneri accessori e pu\u00f2 chiedere il risarcimento di danni ulteriori.<\/p>\n<p>La presenza di figli minorenni o di residenti diversamente abili, rilevante nello sfratto per fine locazione, non lo \u00e8 nel caso di sfratto per morosit\u00e0.<\/p>\n<p><b>Blocco delle azioni esecutive<\/b><\/p>\n<p>Il blocco di una singola azione esecutiva pu\u00f2 essere disposto dal questore competente per territorio. La sospensione degli sfratti per rilascio di immobili, sia per fine locazione che per morosit\u00e0, \u00e8 stata invece disposta e prorogata con legge ordinaria numerose volte negli ultimi 30 anni.<\/p>\n<p>In passato infatti alcune leggi hanno disposto la sospensione degli sfratti e il blocco delle azioni esecutive per rilascio di immobili in determinati comuni metropolitani e per determinate categorie di cittadini &#8220;a disagio&#8221;: minori o over-65, diversamente abili o malati terminali e\/o con reddito del nucleo familiare inferiore a 20.000 euro\/anno o insufficiente all&#8217;affitto di un nuovo immobile (legge n. 431\/1998, art. 6, comma 5 e legge n. 388\/2000, art. 80, comma 22: con i requisiti e proroghe ripresi pi\u00f9 volte, come nel D.Lgs. n. 86\/2005; la sentenza n. 62\/2004 ha dichiarato infondata la questione di legittimit\u00e0 per la legge n. 388\/2000).<\/p>\n<p>La Corte Costituzionale ha affermato che il blocco degli sfratti pu\u00f2 essere transitorio ed essenzialmente limitato (Sentenze n. 310\/2003 e n. 155\/2004) e che sono elementi di illegittimit\u00e0 costituzionale: l&#8217;assenza di comparazione fra la condizione economica di locatore e quella di inquilino (es. per immobile gravato da mutuo per l&#8217;acquisto con ipoteca di primo grado formale e sostanziale), e l&#8217;assenza di contributi a carico della collettivit\u00e0, e non dei soli locatori, a favore degli inquilini pi\u00f9 svantaggiati.<\/p>\n<p><b>Soddisfazione del credito col deposito cauzionale<\/b><\/p>\n<p>Il deposito cauzionale si differenzia dalla caparra confirmatoria, che invece tutela specificamente il mancato pagamento del canone di locazione e deve essere restituito all&#8217;inquilino che rilascia l&#8217;immobile se il locatore non avvia una contestazione giudiziale dei danni subiti.<\/p>\n<p>Nel procedimento esecutivo vale tuttavia la regola per la quale il creditore pu\u00f2 ottenere soddisfazione sulle somme del debitore a qualsiasi titolo possedute.<\/p>\n<p>In presenza di una sentenza che accerti l&#8217;esistenza del credito o di un decreto ingiuntivo, il locatore pu\u00f2 trattenere legittimamente il deposito cauzionale senza rischiare l&#8217;opposizione.<\/p>\n<p><b>Opposizione tardiva (art. 668 c.p.c.)<\/b><\/p>\n<p>Se l&#8217;intimazione di licenza o di sfratto \u00e8 convalidata in assenza dell&#8217;intimato, questi pu\u00f2 farvi opposizione provando di non averne avuto tempestiva conoscenza per irregolarit\u00e0 della notificazione o per caso fortuito o forza maggiore, purch\u00e9 non siano decorsi 10 giorni dall&#8217;inizio dell&#8217;esecuzione. L&#8217;opposizione non sospende il processo esecutivo, ma il giudice, con ordinanza non impugnabile, pu\u00f2 disporre la sospensione per gravi motivi.<\/p>\n<p>&nbsp;<\/p>\n","protected":false},"excerpt":{"rendered":"<p>Nella disciplina positiva italiana vi sono 2 tipologie di sfratti: 1) lo sfratto per finita locazione, connesso alla scadenza contrattuale; 2) lo sfratto per morosit\u00e0, connesso all&#8217;inadempimento dell&#8217;obbligo di corrispondere il canone alle scadenze. Vi \u00e8 anche un tertium genus: &hellip; <a href=\"https:\/\/avvocatostella.com\/?page_id=1360\">Continua a leggere<span class=\"meta-nav\">&rarr;<\/span><\/a><\/p>\n","protected":false},"author":2,"featured_media":0,"parent":0,"menu_order":0,"comment_status":"closed","ping_status":"open","template":"","meta":{"footnotes":""},"class_list":["post-1360","page","type-page","status-publish","hentry"],"_links":{"self":[{"href":"https:\/\/avvocatostella.com\/index.php?rest_route=\/wp\/v2\/pages\/1360","targetHints":{"allow":["GET"]}}],"collection":[{"href":"https:\/\/avvocatostella.com\/index.php?rest_route=\/wp\/v2\/pages"}],"about":[{"href":"https:\/\/avvocatostella.com\/index.php?rest_route=\/wp\/v2\/types\/page"}],"author":[{"embeddable":true,"href":"https:\/\/avvocatostella.com\/index.php?rest_route=\/wp\/v2\/users\/2"}],"replies":[{"embeddable":true,"href":"https:\/\/avvocatostella.com\/index.php?rest_route=%2Fwp%2Fv2%2Fcomments&post=1360"}],"version-history":[{"count":6,"href":"https:\/\/avvocatostella.com\/index.php?rest_route=\/wp\/v2\/pages\/1360\/revisions"}],"predecessor-version":[{"id":1367,"href":"https:\/\/avvocatostella.com\/index.php?rest_route=\/wp\/v2\/pages\/1360\/revisions\/1367"}],"wp:attachment":[{"href":"https:\/\/avvocatostella.com\/index.php?rest_route=%2Fwp%2Fv2%2Fmedia&parent=1360"}],"curies":[{"name":"wp","href":"https:\/\/api.w.org\/{rel}","templated":true}]}}