{"id":1332,"date":"2014-05-18T04:31:08","date_gmt":"2014-05-18T04:31:08","guid":{"rendered":"http:\/\/avvocatostella.com\/?page_id=1332"},"modified":"2015-10-26T12:27:48","modified_gmt":"2015-10-26T12:27:48","slug":"eredita","status":"publish","type":"page","link":"https:\/\/avvocatostella.com\/?page_id=1332","title":{"rendered":"Successione Ereditaria"},"content":{"rendered":"<p class=\"s\">I parenti che possono ereditare in caso di successione legittima (in mancanza di testamento) sono:<\/p>\n<ul>\n<li>Coniuge<\/li>\n<li>Figli<\/li>\n<li>Fratelli (in assenza di figli)<\/li>\n<li>Ascendenti (in assenza di figli)<\/li>\n<li>Altri parenti entro il 6\u00b0 grado (se unici eredi)<\/li>\n<\/ul>\n<p class=\"s\">I familiari che, in presenza di disposizione testamentaria, hanno diritto alla quota di <i>legittima<\/i> (parenti legittimari) sono:<\/p>\n<ul>\n<li>Coniuge<\/li>\n<li>Figli<\/li>\n<li>Ascendenti (in assenza di figli)<\/li>\n<\/ul>\n<p>&nbsp;<\/p>\n<p class=\"s\">La <b>quota di legittima<\/b> \u00e8 la parte del patrimonio di cui il <b>testatore<\/b> (colui che redige un testamento) non pu\u00f2 disporre, in quanto la legge riserva detta parte ai parenti legittimari, talvota contro le disposizioni testamentarie lasciate dal testatore stesso.<\/p>\n<p>&nbsp;<\/p>\n<p class=\"s\">La <b>quota disponibile<\/b> \u00e0 invece quella parte di patrimonio di cui il testatore pu\u00f2 liberamente disporre in favore di chiunque, che pu\u00f2 essere anche una persona non legata a lui da rapporti di parentela.<\/p>\n<p>&nbsp;<\/p>\n<p class=\"s\">Gli <b>ascendenti<\/b> sono gli avi, cio\u00e8 coloro che nell&#8217;albero genealogico precedono colui che lascia l&#8217;eredit\u00e0 (i genitori, i nonni etc.).<\/p>\n<p>&nbsp;<\/p>\n<p class=\"s\">I <b>parenti fino al 6\u00b0 grado<\/b> sono, ad esempio, i figli di fratelli (cugini), che sono parenti di quarto grado, i nipoti in linea retta dei cugini, che sono parenti di sesto grado.<\/p>\n<p class=\"s\">Il codice civile stabilisce delle <b>priorit\u00e0<\/b>: ad esempio in caso di successione legittima, in assenza del coniuge, i figli escludono tutti gli altri parenti dall&#8217;eredit\u00e0; parimenti in assenza del coniuge, dei figli e degli ascendenti, i fratelli del defunto ereditano tutto il patrimonio, escludendo eventuali altri parenti di grado successivo, come ad esempio i cugini del defunto che sono parenti di quarto grado.<\/p>\n<p class=\"s\">Casi pi\u00f9 complessi, come ad esempio il figlio che muore prima del genitore lasciando uno o pi\u00f9 figli (<b>nipoti<\/b> in linea retta del defunto), implicano meccanismi di successione pi\u00f9 articolati.<\/p>\n<p class=\"sc\" style=\"margin: 10px 0;\">Se desiderate approfondire le parentele leggete le nostre &#8216;istruzioni per l&#8217;uso&#8217; relative ai <a href=\"https:\/\/avvocatostella.com\/?page_id=1342\" target=\"_blank\">legami di parentela<\/a>.<\/p>\n<p><b>La collazione<\/b><\/p>\n<p class=\"s\">La collazione \u00e0 l&#8217;atto con cui i discendenti e il coniuge del defunto imputano alla propria quota ereditaria quanto hanno ricevuto dal defunto in <b>donazione<\/b>.<br \/>\nLe eventuali donazioni effettuate in vita dal defunto dovranno essere tenute in considerazione nella quantificazione della quota ereditaria individuale.<\/p>\n<p>&nbsp;<\/p>\n<p class=\"sc\"><b>Avvertenze:<\/b><br \/>\nLe informazioni fornite da questo servizio si intendono a carattere indicativo.<br \/>\nL&#8217;Utente \u00e8 tenuto sempre a controllare i risultati.<\/p>\n<p class=\"sc\" style=\"margin-top: 6px;\"><b>Per questioni pi\u00f9 complesse, si consiglia di richiedere una<\/b> <a href=\"https:\/\/avvocatostella.com\/?page_id=73\" target=\"_blank\">consulenza legale online<\/a>.<\/p>\n","protected":false},"excerpt":{"rendered":"<p>I parenti che possono ereditare in caso di successione legittima (in mancanza di testamento) sono: Coniuge Figli Fratelli (in assenza di figli) Ascendenti (in assenza di figli) Altri parenti entro il 6\u00b0 grado (se unici eredi) I familiari che, in &hellip; <a href=\"https:\/\/avvocatostella.com\/?page_id=1332\">Continua a leggere<span class=\"meta-nav\">&rarr;<\/span><\/a><\/p>\n","protected":false},"author":2,"featured_media":0,"parent":0,"menu_order":0,"comment_status":"closed","ping_status":"open","template":"","meta":{"footnotes":""},"class_list":["post-1332","page","type-page","status-publish","hentry"],"_links":{"self":[{"href":"https:\/\/avvocatostella.com\/index.php?rest_route=\/wp\/v2\/pages\/1332","targetHints":{"allow":["GET"]}}],"collection":[{"href":"https:\/\/avvocatostella.com\/index.php?rest_route=\/wp\/v2\/pages"}],"about":[{"href":"https:\/\/avvocatostella.com\/index.php?rest_route=\/wp\/v2\/types\/page"}],"author":[{"embeddable":true,"href":"https:\/\/avvocatostella.com\/index.php?rest_route=\/wp\/v2\/users\/2"}],"replies":[{"embeddable":true,"href":"https:\/\/avvocatostella.com\/index.php?rest_route=%2Fwp%2Fv2%2Fcomments&post=1332"}],"version-history":[{"count":9,"href":"https:\/\/avvocatostella.com\/index.php?rest_route=\/wp\/v2\/pages\/1332\/revisions"}],"predecessor-version":[{"id":1514,"href":"https:\/\/avvocatostella.com\/index.php?rest_route=\/wp\/v2\/pages\/1332\/revisions\/1514"}],"wp:attachment":[{"href":"https:\/\/avvocatostella.com\/index.php?rest_route=%2Fwp%2Fv2%2Fmedia&parent=1332"}],"curies":[{"name":"wp","href":"https:\/\/api.w.org\/{rel}","templated":true}]}}